{"id":436,"date":"2018-01-11T18:50:02","date_gmt":"2018-01-11T18:50:02","guid":{"rendered":"https:\/\/www.ecopostsystem.com\/produit\/dress-it-up\/"},"modified":"2018-12-03T20:37:42","modified_gmt":"2018-12-04T01:37:42","slug":"personnalisez-ecopost","status":"publish","type":"page","link":"https:\/\/www.ecopostsystem.com\/fr\/caracteristiques\/personnalisez-ecopost\/","title":{"rendered":"Personnalisez Ecopost"},"content":{"rendered":"<p>[et_pb_section bb_built=\u00a0\u00bb1&Prime; _builder_version=\u00a0\u00bb3.0.98&Prime; background_image=\u00a0\u00bbhttps:\/\/www.ecopostsystem.com\/wp-content\/uploads\/2018\/03\/back-header-features.jpg\u00a0\u00bb background_position=\u00a0\u00bbtop_center\u00a0\u00bb custom_padding=\u00a0\u00bb120px|0px|130px|0px\u00a0\u00bb custom_padding_tablet=\u00a0\u00bb60px||60px|\u00a0\u00bb custom_padding_last_edited=\u00a0\u00bbon|phone\u00a0\u00bb next_background_color=\u00a0\u00bb#085109&Prime;][et_pb_row custom_padding=\u00a0\u00bb0px|0px|0px|0px\u00a0\u00bb padding_left_2=\u00a0\u00bb55px\u00a0\u00bb padding_2_tablet=\u00a0\u00bb|||0px\u00a0\u00bb padding_2_phone=\u00a0\u00bb|||0px\u00a0\u00bb padding_2_last_edited=\u00a0\u00bbon|phone\u00a0\u00bb _builder_version=\u00a0\u00bb3.0.98&Prime; background_size=\u00a0\u00bbinitial\u00a0\u00bb background_position=\u00a0\u00bbtop_left\u00a0\u00bb background_repeat=\u00a0\u00bbrepeat\u00a0\u00bb animation_style=\u00a0\u00bbfade\u00a0\u00bb][et_pb_column type=\u00a0\u00bb1_3&Prime;][\/et_pb_column][et_pb_column type=\u00a0\u00bb2_3&Prime;][et_pb_text background_layout=\u00a0\u00bbdark\u00a0\u00bb _builder_version=\u00a0\u00bb3.0.98&Prime; header_font=\u00a0\u00bb||||||||\u00a0\u00bb header_text_align=\u00a0\u00bbleft\u00a0\u00bb header_text_color=\u00a0\u00bb#085109&Prime; header_2_font=\u00a0\u00bb||||||||\u00a0\u00bb header_2_text_align=\u00a0\u00bbleft\u00a0\u00bb header_2_text_color=\u00a0\u00bb#085109&Prime; header_3_font=\u00a0\u00bb||||||||\u00a0\u00bb header_3_text_align=\u00a0\u00bbleft\u00a0\u00bb header_3_text_color=\u00a0\u00bb#085109&Prime; background_size=\u00a0\u00bbinitial\u00a0\u00bb background_position=\u00a0\u00bbtop_left\u00a0\u00bb background_repeat=\u00a0\u00bbrepeat\u00a0\u00bb text_orientation=\u00a0\u00bbcenter\u00a0\u00bb module_alignment=\u00a0\u00bbcenter\u00a0\u00bb header_font_size_last_edited=\u00a0\u00bbon|phone\u00a0\u00bb header_font_size=\u00a0\u00bb50px\u00a0\u00bb header_font_size_tablet=\u00a0\u00bb40px\u00a0\u00bb header_font_size_phone=\u00a0\u00bb30px\u00a0\u00bb header_2_font_size_last_edited=\u00a0\u00bbon|desktop\u00a0\u00bb header_2_font_size_phone=\u00a0\u00bb15px\u00a0\u00bb]<\/p>\n<h1>Personnalisez Ecopost!<\/h1>\n<h2>Changez son allure facilement selon le programme et la marque.<\/h2>\n<p>[\/et_pb_text][\/et_pb_column][\/et_pb_row][\/et_pb_section][et_pb_section bb_built=\u00a0\u00bb1&Prime; background_color=\u00a0\u00bb#085109&Prime; module_id=\u00a0\u00bbbuilder\u00a0\u00bb _builder_version=\u00a0\u00bb3.0.98&Prime; custom_padding=\u00a0\u00bb75px|0px|75px|0px\u00a0\u00bb prev_background_color=\u00a0\u00bb#ffffff\u00a0\u00bb next_background_color=\u00a0\u00bb#ebebeb\u00a0\u00bb][et_pb_row custom_padding=\u00a0\u00bb0px|0px|0px|0px\u00a0\u00bb _builder_version=\u00a0\u00bb3.0.98&Prime; background_size=\u00a0\u00bbinitial\u00a0\u00bb background_position=\u00a0\u00bbtop_left\u00a0\u00bb background_repeat=\u00a0\u00bbrepeat\u00a0\u00bb animation_style=\u00a0\u00bbfade\u00a0\u00bb][et_pb_column type=\u00a0\u00bb4_4&Prime;][et_pb_text background_layout=\u00a0\u00bbdark\u00a0\u00bb _builder_version=\u00a0\u00bb3.0.98&Prime; text_font=\u00a0\u00bb||||||||\u00a0\u00bb background_size=\u00a0\u00bbinitial\u00a0\u00bb background_position=\u00a0\u00bbtop_left\u00a0\u00bb background_repeat=\u00a0\u00bbrepeat\u00a0\u00bb text_orientation=\u00a0\u00bbcenter\u00a0\u00bb module_alignment=\u00a0\u00bbcenter\u00a0\u00bb]<\/p>\n<h1>Chaque programme a des besoins diff\u00e9rents. Voici les options\u00a0:<\/h1>\n<p>Faites-vous le lancement d\u2019une nouvelle marque, d\u2019un nouveau format, d\u2019une promotion d\u2019un mois ou d\u2019une saison? Peu importe le besoin sp\u00e9cifique, Ecopost peut s\u2019adapter gr\u00e2ce \u00e0 un syst\u00e8me d\u2019options qui permet une personnalisation selon les exigences et le budget.<\/p>\n<p>[\/et_pb_text][\/et_pb_column][\/et_pb_row][\/et_pb_section][et_pb_section bb_built=\u00a0\u00bb1&Prime; background_color=\u00a0\u00bb#ebebeb\u00a0\u00bb module_id=\u00a0\u00bbbuilder\u00a0\u00bb _builder_version=\u00a0\u00bb3.0.98&Prime; background_image=\u00a0\u00bbhttps:\/\/www.ecopostsystem.com\/wp-content\/uploads\/2018\/03\/back-line-right.png\u00a0\u00bb custom_padding=\u00a0\u00bb101px|0px|100px|0px\u00a0\u00bb prev_background_color=\u00a0\u00bb#085109&Prime; next_background_color=\u00a0\u00bb#ffffff\u00a0\u00bb][et_pb_row custom_padding=\u00a0\u00bb0px|0px|0px|0px\u00a0\u00bb module_class_1=\u00a0\u00bbsecond-on-mobile\u00a0\u00bb module_class_2=\u00a0\u00bbfirst-on-mobile\u00a0\u00bb module_class=\u00a0\u00bbcustom_row\u00a0\u00bb _builder_version=\u00a0\u00bb3.0.98&Prime; background_size=\u00a0\u00bbinitial\u00a0\u00bb background_position=\u00a0\u00bbtop_left\u00a0\u00bb background_repeat=\u00a0\u00bbrepeat\u00a0\u00bb][et_pb_column type=\u00a0\u00bb1_2&Prime;][et_pb_image src=\u00a0\u00bbhttps:\/\/www.ecopostsystem.com\/wp-content\/uploads\/2018\/03\/image1-liplabel.png\u00a0\u00bb _builder_version=\u00a0\u00bb3.0.98&Prime; animation_style=\u00a0\u00bbslide\u00a0\u00bb animation_direction=\u00a0\u00bbleft\u00a0\u00bb animation_intensity_slide=\u00a0\u00bb10%\u00a0\u00bb \/][\/et_pb_column][et_pb_column type=\u00a0\u00bb1_2&Prime;][et_pb_divider height=\u00a0\u00bb70&Prime; disabled_on=\u00a0\u00bbon|on|off\u00a0\u00bb _builder_version=\u00a0\u00bb3.0.47&Prime; \/][et_pb_cta title=\u00a0\u00bbAffichette publicitaire (Lip label)\u00a0\u00bb button_url=\u00a0\u00bb#\u00a0\u00bb use_background_color=\u00a0\u00bboff\u00a0\u00bb background_layout=\u00a0\u00bblight\u00a0\u00bb _builder_version=\u00a0\u00bb3.0.98&Prime; background_size=\u00a0\u00bbinitial\u00a0\u00bb background_position=\u00a0\u00bbtop_left\u00a0\u00bb background_repeat=\u00a0\u00bbrepeat\u00a0\u00bb text_orientation=\u00a0\u00bbleft\u00a0\u00bb animation_style=\u00a0\u00bbfade\u00a0\u00bb]<\/p>\n<p>Pour une communication d\u2019un seul message durant la vie du pr\u00e9sentoir, nous utilisons un carton imprim\u00e9 qui enveloppe les tablettes afin de v\u00e9hiculer le message. Pour des besoins semi-permanents avec changement de messages, nous offrons une enveloppe plastifi\u00e9e qui prot\u00e8ge et facilite \u00e0 bas co\u00fbts le remplacement des graphiques.<\/p>\n<p>[\/et_pb_cta][\/et_pb_column][\/et_pb_row][\/et_pb_section][et_pb_section bb_built=\u00a0\u00bb1&Prime; module_id=\u00a0\u00bbbuilder\u00a0\u00bb _builder_version=\u00a0\u00bb3.0.98&Prime; custom_padding=\u00a0\u00bb75px|0px|75px|0px\u00a0\u00bb prev_background_color=\u00a0\u00bb#ebebeb\u00a0\u00bb next_background_color=\u00a0\u00bb#ebebeb\u00a0\u00bb][et_pb_row custom_padding=\u00a0\u00bb0px|0px|0px|0px\u00a0\u00bb padding_top_1=\u00a0\u00bb150px\u00a0\u00bb padding_1_tablet=\u00a0\u00bb0px|||\u00a0\u00bb padding_1_phone=\u00a0\u00bb0px|||\u00a0\u00bb padding_1_last_edited=\u00a0\u00bbon|phone\u00a0\u00bb _builder_version=\u00a0\u00bb3.0.98&Prime; background_size=\u00a0\u00bbinitial\u00a0\u00bb background_position=\u00a0\u00bbtop_left\u00a0\u00bb background_repeat=\u00a0\u00bbrepeat\u00a0\u00bb][et_pb_column type=\u00a0\u00bb1_2&Prime;][et_pb_cta title=\u00a0\u00bbPanneaux de c\u00f4t\u00e9\u00a0\u00bb button_url=\u00a0\u00bb#\u00a0\u00bb use_background_color=\u00a0\u00bboff\u00a0\u00bb background_layout=\u00a0\u00bblight\u00a0\u00bb _builder_version=\u00a0\u00bb3.0.106&Prime; background_size=\u00a0\u00bbinitial\u00a0\u00bb background_position=\u00a0\u00bbtop_left\u00a0\u00bb background_repeat=\u00a0\u00bbrepeat\u00a0\u00bb text_orientation=\u00a0\u00bbleft\u00a0\u00bb animation_style=\u00a0\u00bbfade\u00a0\u00bb url_new_window=\u00a0\u00bboff\u00a0\u00bb custom_button=\u00a0\u00bboff\u00a0\u00bb button_icon_placement=\u00a0\u00bbright\u00a0\u00bb]<\/p>\n<p>Pour des besoins importants en messages graphiques, les c\u00f4t\u00e9s du pr\u00e9sentoir peuvent facilement \u00eatre mis \u00e0 profit. Notre syst\u00e8me de panneaux de c\u00f4t\u00e9 ne requiert aucun \u00e9l\u00e9ment de fixation autre que les tablettes elles-m\u00eames, d\u00e9j\u00e0 en place. Les panneaux de c\u00f4t\u00e9 s\u2019installent en quelques secondes.<\/p>\n<p>[\/et_pb_cta][\/et_pb_column][et_pb_column type=\u00a0\u00bb1_2&Prime;][et_pb_image src=\u00a0\u00bbhttps:\/\/www.ecopostsystem.com\/wp-content\/uploads\/2018\/03\/image2-panel.png\u00a0\u00bb _builder_version=\u00a0\u00bb3.0.98&Prime; max_width=\u00a0\u00bb80%\u00a0\u00bb module_alignment=\u00a0\u00bbcenter\u00a0\u00bb animation_style=\u00a0\u00bbslide\u00a0\u00bb animation_direction=\u00a0\u00bbright\u00a0\u00bb animation_duration=\u00a0\u00bb500ms\u00a0\u00bb animation_intensity_slide=\u00a0\u00bb10%\u00a0\u00bb animation=\u00a0\u00bbleft\u00a0\u00bb \/][\/et_pb_column][\/et_pb_row][\/et_pb_section][et_pb_section bb_built=\u00a0\u00bb1&Prime; background_color=\u00a0\u00bb#ebebeb\u00a0\u00bb module_id=\u00a0\u00bbbuilder\u00a0\u00bb _builder_version=\u00a0\u00bb3.0.98&Prime; background_image=\u00a0\u00bbhttps:\/\/www.ecopostsystem.com\/wp-content\/uploads\/2018\/03\/back-left.png\u00a0\u00bb background_size=\u00a0\u00bbinitial\u00a0\u00bb background_position=\u00a0\u00bbtop_left\u00a0\u00bb custom_padding=\u00a0\u00bb75px|0px|75px|0px\u00a0\u00bb prev_background_color=\u00a0\u00bb#ffffff\u00a0\u00bb next_background_color=\u00a0\u00bb#ffffff\u00a0\u00bb][et_pb_row custom_padding=\u00a0\u00bb0px|0px|0px|0px\u00a0\u00bb padding_top_2=\u00a0\u00bb150px\u00a0\u00bb padding_2_tablet=\u00a0\u00bb0px|||\u00a0\u00bb padding_2_phone=\u00a0\u00bb0px|||\u00a0\u00bb padding_2_last_edited=\u00a0\u00bbon|phone\u00a0\u00bb module_class_1=\u00a0\u00bbsecond-on-mobile\u00a0\u00bb module_class_2=\u00a0\u00bbfirst-on-mobile\u00a0\u00bb module_class=\u00a0\u00bbcustom_row\u00a0\u00bb _builder_version=\u00a0\u00bb3.0.98&Prime; background_size=\u00a0\u00bbinitial\u00a0\u00bb background_position=\u00a0\u00bbtop_left\u00a0\u00bb background_repeat=\u00a0\u00bbrepeat\u00a0\u00bb][et_pb_column type=\u00a0\u00bb1_2&Prime;][et_pb_image src=\u00a0\u00bbhttps:\/\/www.ecopostsystem.com\/wp-content\/uploads\/2018\/03\/image3-false-bottom.png\u00a0\u00bb _builder_version=\u00a0\u00bb3.0.98&Prime; max_width=\u00a0\u00bb50%\u00a0\u00bb module_alignment=\u00a0\u00bbcenter\u00a0\u00bb custom_margin=\u00a0\u00bb-150px|||\u00a0\u00bb custom_margin_tablet=\u00a0\u00bb0px|||\u00a0\u00bb custom_margin_phone=\u00a0\u00bb0px|||\u00a0\u00bb custom_margin_last_edited=\u00a0\u00bbon|phone\u00a0\u00bb animation_style=\u00a0\u00bbslide\u00a0\u00bb animation_direction=\u00a0\u00bbleft\u00a0\u00bb animation_duration=\u00a0\u00bb500ms\u00a0\u00bb animation_intensity_slide=\u00a0\u00bb10%\u00a0\u00bb animation=\u00a0\u00bbright\u00a0\u00bb \/][\/et_pb_column][et_pb_column type=\u00a0\u00bb1_2&Prime;][et_pb_cta title=\u00a0\u00bbFaux-fond et ent\u00eate\u00a0\u00bb button_url=\u00a0\u00bb#\u00a0\u00bb use_background_color=\u00a0\u00bboff\u00a0\u00bb background_layout=\u00a0\u00bblight\u00a0\u00bb _builder_version=\u00a0\u00bb3.0.98&Prime; background_size=\u00a0\u00bbinitial\u00a0\u00bb background_position=\u00a0\u00bbtop_left\u00a0\u00bb background_repeat=\u00a0\u00bbrepeat\u00a0\u00bb text_orientation=\u00a0\u00bbleft\u00a0\u00bb animation_style=\u00a0\u00bbfade\u00a0\u00bb]<\/p>\n<p>Vous pouvez utiliser la base ou la t\u00eate du pr\u00e9sentoir pour communiquer votre message gr\u00e2ce \u00e0 un syst\u00e8me sans attaches qui s\u2019ins\u00e8re automatiquement dans la structure Ecopost en quelques secondes seulement.<\/p>\n<p>[\/et_pb_cta][\/et_pb_column][\/et_pb_row][\/et_pb_section][et_pb_section bb_built=\u00a0\u00bb1&Prime; module_id=\u00a0\u00bbbuilder\u00a0\u00bb _builder_version=\u00a0\u00bb3.0.98&Prime; custom_padding=\u00a0\u00bb73px|0px|75px|0px\u00a0\u00bb prev_background_color=\u00a0\u00bb#ebebeb\u00a0\u00bb next_background_color=\u00a0\u00bb#000000&Prime;][et_pb_row custom_padding=\u00a0\u00bb0px|0px|0px|0px\u00a0\u00bb padding_top_1=\u00a0\u00bb50px\u00a0\u00bb padding_1_tablet=\u00a0\u00bb0px|||\u00a0\u00bb padding_1_phone=\u00a0\u00bb0px|||\u00a0\u00bb padding_1_last_edited=\u00a0\u00bbon|phone\u00a0\u00bb _builder_version=\u00a0\u00bb3.0.98&Prime; background_size=\u00a0\u00bbinitial\u00a0\u00bb background_position=\u00a0\u00bbtop_left\u00a0\u00bb background_repeat=\u00a0\u00bbrepeat\u00a0\u00bb][et_pb_column type=\u00a0\u00bb1_2&Prime;][et_pb_cta title=\u00a0\u00bbRoues\u00a0\u00bb button_url=\u00a0\u00bb#\u00a0\u00bb use_background_color=\u00a0\u00bboff\u00a0\u00bb background_layout=\u00a0\u00bblight\u00a0\u00bb _builder_version=\u00a0\u00bb3.0.106&Prime; background_size=\u00a0\u00bbinitial\u00a0\u00bb background_position=\u00a0\u00bbtop_left\u00a0\u00bb background_repeat=\u00a0\u00bbrepeat\u00a0\u00bb text_orientation=\u00a0\u00bbleft\u00a0\u00bb animation_style=\u00a0\u00bbfade\u00a0\u00bb url_new_window=\u00a0\u00bboff\u00a0\u00bb custom_button=\u00a0\u00bboff\u00a0\u00bb button_icon_placement=\u00a0\u00bbright\u00a0\u00bb]<\/p>\n<p>Il existe une attache sp\u00e9ciale qui permet l\u2019installation de roues \u00e0 la corni\u00e8re Ecopost si vous avez besoin de d\u00e9placer le pr\u00e9sentoir en magasin. Le syst\u00e8me d\u2019attaches est universel et permet l\u2019installation de la plupart des roues disponibles sur le march\u00e9.<\/p>\n<p>[\/et_pb_cta][\/et_pb_column][et_pb_column type=\u00a0\u00bb1_2&Prime;][et_pb_image src=\u00a0\u00bbhttps:\/\/www.ecopostsystem.com\/wp-content\/uploads\/2018\/03\/image3-roues.png\u00a0\u00bb align=\u00a0\u00bbcenter\u00a0\u00bb _builder_version=\u00a0\u00bb3.0.98&Prime; animation_style=\u00a0\u00bbslide\u00a0\u00bb animation_direction=\u00a0\u00bbright\u00a0\u00bb animation_intensity_slide=\u00a0\u00bb10%\u00a0\u00bb \/][\/et_pb_column][\/et_pb_row][\/et_pb_section][et_pb_section bb_built=\u00a0\u00bb1&Prime; inner_shadow=\u00a0\u00bbon\u00a0\u00bb _builder_version=\u00a0\u00bb3.0.98&Prime; background_image=\u00a0\u00bbhttps:\/\/www.ecopostsystem.com\/wp-content\/uploads\/2018\/03\/footer-back.jpg\u00a0\u00bb custom_padding=\u00a0\u00bb75px|0px|74px|0px\u00a0\u00bb prev_background_color=\u00a0\u00bb#000000&Prime;][et_pb_row custom_padding=\u00a0\u00bb0px|0px|0px|0px\u00a0\u00bb _builder_version=\u00a0\u00bb3.0.47&Prime; background_size=\u00a0\u00bbinitial\u00a0\u00bb background_position=\u00a0\u00bbtop_left\u00a0\u00bb background_repeat=\u00a0\u00bbrepeat\u00a0\u00bb][et_pb_column type=\u00a0\u00bb4_4&Prime;][et_pb_text background_layout=\u00a0\u00bbdark\u00a0\u00bb _builder_version=\u00a0\u00bb3.0.98&Prime; text_font=\u00a0\u00bb||||||||\u00a0\u00bb header_font=\u00a0\u00bb||||||||\u00a0\u00bb]<\/p>\n<h2 class=\"et_pb_module_header et-fb-editable-element et-fb-editable-element__editing\" contenteditable=\"true\" data-shortcode-id=\"7.0.0.0-1521743293940\">R\u00e9utilisez votre pr\u00e9sentoir \u00e0 une fraction du cout en changeant les graphiques<\/h2>\n<p>[\/et_pb_text][et_pb_button button_url=\u00a0\u00bbhttps:\/\/www.ecopostsystem.com\/fr\/caracteristiques\/reutilisez-ecopost\/\u00a0\u00bb button_text=\u00a0\u00bbVoyez un exemple concret\u00a0\u00bb button_alignment=\u00a0\u00bbcenter\u00a0\u00bb background_layout=\u00a0\u00bbdark\u00a0\u00bb _builder_version=\u00a0\u00bb3.0.98&Prime; \/][\/et_pb_column][\/et_pb_row][\/et_pb_section]<\/p>\n","protected":false},"excerpt":{"rendered":"<p>[et_pb_section bb_built=\u00a0\u00bb1&Prime; _builder_version=\u00a0\u00bb3.0.98&Prime; background_image=\u00a0\u00bbhttps:\/\/www.ecopostsystem.com\/wp-content\/uploads\/2018\/03\/back-header-features.jpg\u00a0\u00bb background_position=\u00a0\u00bbtop_center\u00a0\u00bb custom_padding=\u00a0\u00bb120px|0px|130px|0px\u00a0\u00bb custom_padding_tablet=\u00a0\u00bb60px||60px|\u00a0\u00bb custom_padding_last_edited=\u00a0\u00bbon|phone\u00a0\u00bb next_background_color=\u00a0\u00bb#085109&Prime;][et_pb_row custom_padding=\u00a0\u00bb0px|0px|0px|0px\u00a0\u00bb padding_left_2=\u00a0\u00bb55px\u00a0\u00bb padding_2_tablet=\u00a0\u00bb|||0px\u00a0\u00bb padding_2_phone=\u00a0\u00bb|||0px\u00a0\u00bb padding_2_last_edited=\u00a0\u00bbon|phone\u00a0\u00bb _builder_version=\u00a0\u00bb3.0.98&Prime; background_size=\u00a0\u00bbinitial\u00a0\u00bb background_position=\u00a0\u00bbtop_left\u00a0\u00bb background_repeat=\u00a0\u00bbrepeat\u00a0\u00bb animation_style=\u00a0\u00bbfade\u00a0\u00bb][et_pb_column type=\u00a0\u00bb1_3&Prime;][\/et_pb_column][et_pb_column type=\u00a0\u00bb2_3&Prime;][et_pb_text background_layout=\u00a0\u00bbdark\u00a0\u00bb _builder_version=\u00a0\u00bb3.0.98&Prime; header_font=\u00a0\u00bb||||||||\u00a0\u00bb header_text_align=\u00a0\u00bbleft\u00a0\u00bb header_text_color=\u00a0\u00bb#085109&Prime; header_2_font=\u00a0\u00bb||||||||\u00a0\u00bb header_2_text_align=\u00a0\u00bbleft\u00a0\u00bb header_2_text_color=\u00a0\u00bb#085109&Prime; header_3_font=\u00a0\u00bb||||||||\u00a0\u00bb header_3_text_align=\u00a0\u00bbleft\u00a0\u00bb header_3_text_color=\u00a0\u00bb#085109&Prime; background_size=\u00a0\u00bbinitial\u00a0\u00bb background_position=\u00a0\u00bbtop_left\u00a0\u00bb background_repeat=\u00a0\u00bbrepeat\u00a0\u00bb text_orientation=\u00a0\u00bbcenter\u00a0\u00bb module_alignment=\u00a0\u00bbcenter\u00a0\u00bb header_font_size_last_edited=\u00a0\u00bbon|phone\u00a0\u00bb header_font_size=\u00a0\u00bb50px\u00a0\u00bb header_font_size_tablet=\u00a0\u00bb40px\u00a0\u00bb header_font_size_phone=\u00a0\u00bb30px\u00a0\u00bb header_2_font_size_last_edited=\u00a0\u00bbon|desktop\u00a0\u00bb header_2_font_size_phone=\u00a0\u00bb15px\u00a0\u00bb] Personnalisez Ecopost! Changez son allure facilement selon le programme et la marque. [&hellip;]<\/p>\n","protected":false},"author":1,"featured_media":0,"parent":420,"menu_order":1,"comment_status":"closed","ping_status":"closed","template":"","meta":{"_et_pb_use_builder":"on","_et_pb_old_content":"<p>Lip label<br \/> Side graphics<br \/> Top and false bottom<br \/> Shelf organizer<br \/> Wheel bracket<\/p>","_et_gb_content_width":""},"_links":{"self":[{"href":"https:\/\/www.ecopostsystem.com\/fr\/wp-json\/wp\/v2\/pages\/436"}],"collection":[{"href":"https:\/\/www.ecopostsystem.com\/fr\/wp-json\/wp\/v2\/pages"}],"about":[{"href":"https:\/\/www.ecopostsystem.com\/fr\/wp-json\/wp\/v2\/types\/page"}],"author":[{"embeddable":true,"href":"https:\/\/www.ecopostsystem.com\/fr\/wp-json\/wp\/v2\/users\/1"}],"replies":[{"embeddable":true,"href":"https:\/\/www.ecopostsystem.com\/fr\/wp-json\/wp\/v2\/comments?post=436"}],"version-history":[{"count":39,"href":"https:\/\/www.ecopostsystem.com\/fr\/wp-json\/wp\/v2\/pages\/436\/revisions"}],"predecessor-version":[{"id":1752,"href":"https:\/\/www.ecopostsystem.com\/fr\/wp-json\/wp\/v2\/pages\/436\/revisions\/1752"}],"up":[{"embeddable":true,"href":"https:\/\/www.ecopostsystem.com\/fr\/wp-json\/wp\/v2\/pages\/420"}],"wp:attachment":[{"href":"https:\/\/www.ecopostsystem.com\/fr\/wp-json\/wp\/v2\/media?parent=436"}],"curies":[{"name":"wp","href":"https:\/\/api.w.org\/{rel}","templated":true}]}}