{"id":352,"date":"2018-01-10T19:53:52","date_gmt":"2018-01-10T19:53:52","guid":{"rendered":"https:\/\/www.ecopostsystem.com\/home\/"},"modified":"2018-04-10T13:42:00","modified_gmt":"2018-04-10T18:42:00","slug":"accueil","status":"publish","type":"page","link":"https:\/\/www.ecopostsystem.com\/fr\/","title":{"rendered":"Accueil"},"content":{"rendered":"<p>[et_pb_section fb_built=\u00a0\u00bb1&Prime; module_class=\u00a0\u00bbhome-header\u00a0\u00bb custom_padding_last_edited=\u00a0\u00bbon|phone\u00a0\u00bb _builder_version=\u00a0\u00bb3.0.98&Prime; background_image=\u00a0\u00bbhttps:\/\/www.ecopostsystem.com\/wp-content\/uploads\/2018\/03\/home-back.jpg\u00a0\u00bb background_position=\u00a0\u00bbtop_center\u00a0\u00bb custom_padding=\u00a0\u00bb20px|0px|0px|0px\u00a0\u00bb custom_padding_tablet=\u00a0\u00bb||50px|\u00a0\u00bb][et_pb_row custom_padding=\u00a0\u00bb0px|0px|0px|0px\u00a0\u00bb custom_margin=\u00a0\u00bb|||\u00a0\u00bb padding_top_2=\u00a0\u00bb100px\u00a0\u00bb padding_2_tablet=\u00a0\u00bb0px|||\u00a0\u00bb padding_2_phone=\u00a0\u00bb0px|||\u00a0\u00bb padding_2_last_edited=\u00a0\u00bbon|tablet\u00a0\u00bb _builder_version=\u00a0\u00bb3.0.98&Prime;][et_pb_column type=\u00a0\u00bb1_2&Prime; _builder_version=\u00a0\u00bb3.0.47&Prime; parallax=\u00a0\u00bboff\u00a0\u00bb parallax_method=\u00a0\u00bbon\u00a0\u00bb][et_pb_image src=\u00a0\u00bbhttps:\/\/www.ecopostsystem.com\/wp-content\/uploads\/2018\/03\/display-1.png\u00a0\u00bb _builder_version=\u00a0\u00bb3.0.98&Prime; max_width_tablet=\u00a0\u00bb70%\u00a0\u00bb max_width_phone=\u00a0\u00bb60%\u00a0\u00bb max_width_last_edited=\u00a0\u00bbon|phone\u00a0\u00bb custom_margin=\u00a0\u00bb|||-55px\u00a0\u00bb custom_margin_tablet=\u00a0\u00bb|||0px\u00a0\u00bb custom_margin_last_edited=\u00a0\u00bbon|desktop\u00a0\u00bb animation_style=\u00a0\u00bbslide\u00a0\u00bb animation_direction=\u00a0\u00bbleft\u00a0\u00bb animation_intensity_slide=\u00a0\u00bb10%\u00a0\u00bb][\/et_pb_image][\/et_pb_column][et_pb_column type=\u00a0\u00bb1_2&Prime; _builder_version=\u00a0\u00bb3.0.47&Prime; padding_phone=\u00a0\u00bb0px|||\u00a0\u00bb padding_tablet=\u00a0\u00bb0px|||\u00a0\u00bb padding_last_edited=\u00a0\u00bbon|tablet\u00a0\u00bb padding_top=\u00a0\u00bb100px\u00a0\u00bb parallax=\u00a0\u00bboff\u00a0\u00bb parallax_method=\u00a0\u00bbon\u00a0\u00bb][et_pb_text background_layout=\u00a0\u00bbdark\u00a0\u00bb _builder_version=\u00a0\u00bb3.0.106&Prime; text_font=\u00a0\u00bb||||||||\u00a0\u00bb header_font=\u00a0\u00bb|600||on|||||\u00a0\u00bb header_font_size=\u00a0\u00bb39px\u00a0\u00bb header_font_size_tablet=\u00a0\u00bb25px\u00a0\u00bb header_font_size_phone=\u00a0\u00bb24px\u00a0\u00bb header_font_size_last_edited=\u00a0\u00bbon|tablet\u00a0\u00bb header_text_color=\u00a0\u00bb#ffffff\u00a0\u00bb header_text_shadow_style=\u00a0\u00bbpreset3&Prime; custom_margin=\u00a0\u00bb|||-55px\u00a0\u00bb custom_margin_tablet=\u00a0\u00bb-200px|||0px\u00a0\u00bb custom_margin_phone=\u00a0\u00bb-200px|||0px\u00a0\u00bb custom_margin_last_edited=\u00a0\u00bbon|tablet\u00a0\u00bb animation_style=\u00a0\u00bbfade\u00a0\u00bb]<\/p>\n<h1>Nouveau syst\u00e8me de pr\u00e9sentoirs performants<\/h1>\n<p>Ecopost est un syst\u00e8me de pr\u00e9sentoirs tr\u00e8s robuste, fabriqu\u00e9 \u00e0 partir de carton enti\u00e8rement recycl\u00e9 et r\u00e9sistant \u00e0 l\u2019eau. Sa structure ouverte et sans renforts permet de mettre en valeur les produits pr\u00e9sent\u00e9s, tout en soutenant d\u2019importantes charges.<br \/>\n[\/et_pb_text][et_pb_button button_url=\u00a0\u00bbhttps:\/\/www.ecopostsystem.com\/fr\/systeme-ecopost\/\u00a0\u00bb button_text=\u00a0\u00bb\u00c0 propos du syst\u00e8me Ecopost\u00a0\u00bb button_alignment=\u00a0\u00bbleft\u00a0\u00bb background_layout=\u00a0\u00bbdark\u00a0\u00bb _builder_version=\u00a0\u00bb3.0.98&Prime; custom_margin=\u00a0\u00bb|||-55px\u00a0\u00bb custom_margin_tablet=\u00a0\u00bb|||0px\u00a0\u00bb custom_margin_phone=\u00a0\u00bb|||0px\u00a0\u00bb custom_margin_last_edited=\u00a0\u00bbon|tablet\u00a0\u00bb animation_style=\u00a0\u00bbfade\u00a0\u00bb][\/et_pb_button][\/et_pb_column][\/et_pb_row][\/et_pb_section][et_pb_section fb_built=\u00a0\u00bb1&Prime; background_color=\u00a0\u00bb#ebebeb\u00a0\u00bb module_id=\u00a0\u00bblayouts\u00a0\u00bb _builder_version=\u00a0\u00bb3.0.98&Prime; background_image=\u00a0\u00bbhttps:\/\/www.ecopostsystem.com\/wp-content\/uploads\/2018\/03\/back-line-right.png\u00a0\u00bb background_size=\u00a0\u00bbinitial\u00a0\u00bb background_position=\u00a0\u00bbtop_right\u00a0\u00bb custom_padding=\u00a0\u00bb55px|0px|50px|0px\u00a0\u00bb][et_pb_row custom_padding=\u00a0\u00bb0px|0px|0px|0px\u00a0\u00bb padding_top_1=\u00a0\u00bb50px\u00a0\u00bb padding_left_1=\u00a0\u00bb90px\u00a0\u00bb padding_1_tablet=\u00a0\u00bb|||0px\u00a0\u00bb padding_1_last_edited=\u00a0\u00bbon|desktop\u00a0\u00bb _builder_version=\u00a0\u00bb3.0.98&Prime; background_size=\u00a0\u00bbinitial\u00a0\u00bb background_position=\u00a0\u00bbtop_left\u00a0\u00bb background_repeat=\u00a0\u00bbrepeat\u00a0\u00bb][et_pb_column type=\u00a0\u00bb1_2&Prime; _builder_version=\u00a0\u00bb3.0.47&Prime; padding_tablet=\u00a0\u00bb|||0px\u00a0\u00bb padding_last_edited=\u00a0\u00bbon|desktop\u00a0\u00bb padding_left=\u00a0\u00bb90px\u00a0\u00bb padding_top=\u00a0\u00bb50px\u00a0\u00bb parallax=\u00a0\u00bboff\u00a0\u00bb parallax_method=\u00a0\u00bbon\u00a0\u00bb][et_pb_cta title=\u00a0\u00bbFort et durable\u00a0\u00bb button_url=\u00a0\u00bb#\u00a0\u00bb use_background_color=\u00a0\u00bboff\u00a0\u00bb background_layout=\u00a0\u00bblight\u00a0\u00bb _builder_version=\u00a0\u00bb3.0.98&Prime; header_font=\u00a0\u00bbUbuntu|||on|||||\u00a0\u00bb header_letter_spacing=\u00a0\u00bb4px\u00a0\u00bb background_size=\u00a0\u00bbinitial\u00a0\u00bb background_position=\u00a0\u00bbtop_left\u00a0\u00bb background_repeat=\u00a0\u00bbrepeat\u00a0\u00bb text_orientation=\u00a0\u00bbleft\u00a0\u00bb animation_style=\u00a0\u00bbfade\u00a0\u00bb]Ecopost est capable de soutenir des charges de 125\u00a0lb (60\u00a0kg) par tablette, sans renforts. Tr\u00e8s robuste, le syst\u00e8me permet une installation temporaire ou semi-permanente en magasin et ce, \u00e0 une fraction du co\u00fbt. Fini le temps des pr\u00e9sentoirs en carton qui tombent en magasin!<br \/>\n[\/et_pb_cta][\/et_pb_column][et_pb_column type=\u00a0\u00bb1_2&Prime; _builder_version=\u00a0\u00bb3.0.47&Prime; parallax=\u00a0\u00bboff\u00a0\u00bb parallax_method=\u00a0\u00bbon\u00a0\u00bb][et_pb_image src=\u00a0\u00bbhttps:\/\/www.ecopostsystem.com\/wp-content\/uploads\/2018\/03\/display2a.png\u00a0\u00bb align=\u00a0\u00bbright\u00a0\u00bb _builder_version=\u00a0\u00bb3.0.98&Prime; background_size=\u00a0\u00bbinitial\u00a0\u00bb background_position=\u00a0\u00bbtop_left\u00a0\u00bb background_repeat=\u00a0\u00bbrepeat\u00a0\u00bb max_width=\u00a0\u00bb75%\u00a0\u00bb custom_margin=\u00a0\u00bb-70px|||\u00a0\u00bb custom_margin_tablet=\u00a0\u00bb0px|||\u00a0\u00bb custom_margin_last_edited=\u00a0\u00bbon|phone\u00a0\u00bb animation_style=\u00a0\u00bbslide\u00a0\u00bb animation_direction=\u00a0\u00bbright\u00a0\u00bb animation_duration=\u00a0\u00bb500ms\u00a0\u00bb animation_intensity_slide=\u00a0\u00bb10%\u00a0\u00bb animation=\u00a0\u00bbright\u00a0\u00bb][\/et_pb_image][\/et_pb_column][\/et_pb_row][\/et_pb_section][et_pb_section fb_built=\u00a0\u00bb1&Prime; _builder_version=\u00a0\u00bb3.0.98&Prime; custom_padding=\u00a0\u00bb50px|0px|50px|0px\u00a0\u00bb][et_pb_row custom_padding=\u00a0\u00bb0px|0px|0px|0px\u00a0\u00bb padding_top_2=\u00a0\u00bb100px\u00a0\u00bb padding_2_tablet=\u00a0\u00bb0px|||\u00a0\u00bb padding_2_last_edited=\u00a0\u00bbon|phone\u00a0\u00bb module_class_1=\u00a0\u00bbsecond-on-mobile\u00a0\u00bb module_class_2=\u00a0\u00bbfirst-on-mobile\u00a0\u00bb module_class=\u00a0\u00bbcustom_row\u00a0\u00bb _builder_version=\u00a0\u00bb3.0.106&Prime; background_size=\u00a0\u00bbinitial\u00a0\u00bb background_position=\u00a0\u00bbtop_left\u00a0\u00bb background_repeat=\u00a0\u00bbrepeat\u00a0\u00bb][et_pb_column type=\u00a0\u00bb1_2&Prime; _builder_version=\u00a0\u00bb3.0.47&Prime; parallax=\u00a0\u00bboff\u00a0\u00bb parallax_method=\u00a0\u00bbon\u00a0\u00bb module_class=\u00a0\u00bbsecond-on-mobile\u00a0\u00bb][et_pb_image src=\u00a0\u00bbhttps:\/\/www.ecopostsystem.com\/wp-content\/uploads\/2018\/03\/display-2.png\u00a0\u00bb _builder_version=\u00a0\u00bb3.0.106&Prime; max_width=\u00a0\u00bb71%\u00a0\u00bb custom_margin=\u00a0\u00bb-150px|||\u00a0\u00bb custom_margin_tablet=\u00a0\u00bb0px|||\u00a0\u00bb custom_margin_last_edited=\u00a0\u00bbon|phone\u00a0\u00bb animation_style=\u00a0\u00bbslide\u00a0\u00bb animation_direction=\u00a0\u00bbleft\u00a0\u00bb animation_intensity_slide=\u00a0\u00bb10%\u00a0\u00bb][\/et_pb_image][\/et_pb_column][et_pb_column type=\u00a0\u00bb1_2&Prime; _builder_version=\u00a0\u00bb3.0.47&Prime; padding_tablet=\u00a0\u00bb0px|||\u00a0\u00bb padding_last_edited=\u00a0\u00bbon|phone\u00a0\u00bb padding_top=\u00a0\u00bb100px\u00a0\u00bb parallax=\u00a0\u00bboff\u00a0\u00bb parallax_method=\u00a0\u00bbon\u00a0\u00bb module_class=\u00a0\u00bbfirst-on-mobile\u00a0\u00bb][et_pb_cta title=\u00a0\u00bbVotre produit mis en vedette\u00a0\u00bb button_url=\u00a0\u00bb#\u00a0\u00bb use_background_color=\u00a0\u00bboff\u00a0\u00bb background_layout=\u00a0\u00bblight\u00a0\u00bb _builder_version=\u00a0\u00bb3.0.98&Prime; header_font=\u00a0\u00bb||||||||\u00a0\u00bb header_text_align=\u00a0\u00bbleft\u00a0\u00bb background_size=\u00a0\u00bbinitial\u00a0\u00bb background_position=\u00a0\u00bbtop_left\u00a0\u00bb background_repeat=\u00a0\u00bbrepeat\u00a0\u00bb text_orientation=\u00a0\u00bbright\u00a0\u00bb animation_style=\u00a0\u00bbfade\u00a0\u00bb]<\/p>\n<p style=\"text-align: left;\">Ecopost permet de mettre en valeur les produits pr\u00e9sent\u00e9s, car il offre une structure ouverte sans renfort ni panneaux obstruant la vue des produits. Fabriqu\u00e9 de carton recycl\u00e9 r\u00e9sistant \u00e0 l\u2019eau, le pr\u00e9sentoir peut \u00eatre imprim\u00e9 aux couleurs de la marque et personnalis\u00e9 gr\u00e2ce \u00e0 un syst\u00e8me simple et abordable.<\/p>\n<p>[\/et_pb_cta][\/et_pb_column][\/et_pb_row][\/et_pb_section][et_pb_section fb_built=\u00a0\u00bb1&Prime; background_color=\u00a0\u00bb#ebebeb\u00a0\u00bb module_id=\u00a0\u00bblayouts\u00a0\u00bb custom_padding_last_edited=\u00a0\u00bbon|phone\u00a0\u00bb _builder_version=\u00a0\u00bb3.0.98&Prime; background_image=\u00a0\u00bbhttps:\/\/www.ecopostsystem.com\/wp-content\/uploads\/2018\/03\/back-left.png\u00a0\u00bb background_size=\u00a0\u00bbinitial\u00a0\u00bb background_position=\u00a0\u00bbtop_left\u00a0\u00bb custom_padding=\u00a0\u00bb50px|0px|70px|0px\u00a0\u00bb custom_padding_tablet=\u00a0\u00bb0px||20px|\u00a0\u00bb][et_pb_row custom_padding=\u00a0\u00bb0px|0px|27px|0px\u00a0\u00bb padding_top_1=\u00a0\u00bb150px\u00a0\u00bb padding_left_1=\u00a0\u00bb90px\u00a0\u00bb padding_1_tablet=\u00a0\u00bb50px|||0px\u00a0\u00bb padding_1_last_edited=\u00a0\u00bbon|phone\u00a0\u00bb custom_padding_last_edited=\u00a0\u00bboff|desktop\u00a0\u00bb _builder_version=\u00a0\u00bb3.0.106&Prime; background_size=\u00a0\u00bbinitial\u00a0\u00bb background_position=\u00a0\u00bbtop_left\u00a0\u00bb background_repeat=\u00a0\u00bbrepeat\u00a0\u00bb][et_pb_column type=\u00a0\u00bb1_2&Prime; _builder_version=\u00a0\u00bb3.0.47&Prime; padding_tablet=\u00a0\u00bb50px|||0px\u00a0\u00bb padding_last_edited=\u00a0\u00bbon|phone\u00a0\u00bb padding_left=\u00a0\u00bb90px\u00a0\u00bb padding_top=\u00a0\u00bb150px\u00a0\u00bb parallax=\u00a0\u00bboff\u00a0\u00bb parallax_method=\u00a0\u00bbon\u00a0\u00bb][et_pb_text _builder_version=\u00a0\u00bb3.0.98&Prime; animation_style=\u00a0\u00bbfade\u00a0\u00bb]<\/p>\n<h2>Mat\u00e9riel \u00e9cologique r\u00e9sistant \u00e0 l\u2019eau<\/h2>\n<p>Fini le temps des pr\u00e9sentoirs en carton qui tombent en magasin \u00e0 cause des planchers mouill\u00e9s. Les pattes du pr\u00e9sentoir Ecopost sont r\u00e9sistantes \u00e0 l\u2019eau et permettent une dur\u00e9e de vie en magasin de plus de 6 mois, si n\u00e9cessaire.<br \/>\n[\/et_pb_text][et_pb_image _builder_version=\u00a0\u00bb3.0.98&Prime; background_size=\u00a0\u00bbinitial\u00a0\u00bb background_position=\u00a0\u00bbtop_left\u00a0\u00bb background_repeat=\u00a0\u00bbrepeat\u00a0\u00bb animation_style=\u00a0\u00bbslide\u00a0\u00bb animation_direction=\u00a0\u00bbright\u00a0\u00bb animation_duration=\u00a0\u00bb500ms\u00a0\u00bb animation_intensity_slide=\u00a0\u00bb10%\u00a0\u00bb animation=\u00a0\u00bbright\u00a0\u00bb][\/et_pb_image][\/et_pb_column][et_pb_column type=\u00a0\u00bb1_2&Prime; _builder_version=\u00a0\u00bb3.0.47&Prime; parallax=\u00a0\u00bboff\u00a0\u00bb parallax_method=\u00a0\u00bbon\u00a0\u00bb][et_pb_image src=\u00a0\u00bbhttps:\/\/www.ecopostsystem.com\/wp-content\/uploads\/2018\/03\/display-3.png\u00a0\u00bb align=\u00a0\u00bbright\u00a0\u00bb _builder_version=\u00a0\u00bb3.0.98&Prime; max_width=\u00a0\u00bb80%\u00a0\u00bb animation_style=\u00a0\u00bbslide\u00a0\u00bb animation_direction=\u00a0\u00bbright\u00a0\u00bb animation_intensity_slide=\u00a0\u00bb10%\u00a0\u00bb][\/et_pb_image][\/et_pb_column][\/et_pb_row][\/et_pb_section][et_pb_section fb_built=\u00a0\u00bb1&Prime; _builder_version=\u00a0\u00bb3.0.106&Prime; custom_padding=\u00a0\u00bb54px|0px|0|0px\u00a0\u00bb][et_pb_row _builder_version=\u00a0\u00bb3.0.106&Prime;][et_pb_column type=\u00a0\u00bb4_4&Prime; _builder_version=\u00a0\u00bb3.0.106&Prime; parallax=\u00a0\u00bboff\u00a0\u00bb parallax_method=\u00a0\u00bbon\u00a0\u00bb][et_pb_text _builder_version=\u00a0\u00bb3.0.106&Prime;]<\/p>\n<h1 style=\"text-align: center;\">Ils utilisent le syst\u00e8me Ecopost<\/h1>\n<p>[\/et_pb_text][\/et_pb_column][\/et_pb_row][et_pb_row make_fullwidth=\u00a0\u00bbon\u00a0\u00bb module_class=\u00a0\u00bbfive-columns\u00a0\u00bb _builder_version=\u00a0\u00bb3.0.106&Prime; custom_padding=\u00a0\u00bb27px|0px|0|0px\u00a0\u00bb][et_pb_column type=\u00a0\u00bb4_4&Prime; _builder_version=\u00a0\u00bb3.0.47&Prime; parallax=\u00a0\u00bboff\u00a0\u00bb parallax_method=\u00a0\u00bbon\u00a0\u00bb][et_pb_blurb image=\u00a0\u00bbhttps:\/\/www.ecopostsystem.com\/wp-content\/uploads\/2018\/04\/black-decker-logo-.png\u00a0\u00bb admin_label=\u00a0\u00bbBud\u00a0\u00bb _builder_version=\u00a0\u00bb3.0.106&Prime; image_max_width=\u00a0\u00bb70%\u00a0\u00bb][\/et_pb_blurb][et_pb_blurb image=\u00a0\u00bbhttps:\/\/www.ecopostsystem.com\/wp-content\/uploads\/2018\/04\/2000px-Coca-Cola_logo.png\u00a0\u00bb admin_label=\u00a0\u00bbCoca-Cola\u00a0\u00bb _builder_version=\u00a0\u00bb3.0.106&Prime; image_max_width=\u00a0\u00bb70%\u00a0\u00bb][\/et_pb_blurb][et_pb_blurb image=\u00a0\u00bbhttps:\/\/www.ecopostsystem.com\/wp-content\/uploads\/2018\/04\/lays-logo.png\u00a0\u00bb admin_label=\u00a0\u00bblays\u00a0\u00bb _builder_version=\u00a0\u00bb3.0.106&Prime; image_max_width=\u00a0\u00bb63%\u00a0\u00bb][\/et_pb_blurb][et_pb_blurb image=\u00a0\u00bbhttps:\/\/www.ecopostsystem.com\/wp-content\/uploads\/2018\/04\/black-decker-logo-0E9A8778C4-seeklogo.png\u00a0\u00bb admin_label=\u00a0\u00bbB&#038;D\u00a0\u00bb _builder_version=\u00a0\u00bb3.0.106&Prime; body_font=\u00a0\u00bb||||||||\u00a0\u00bb header_font=\u00a0\u00bb||||||||\u00a0\u00bb image_max_width=\u00a0\u00bb64%\u00a0\u00bb][\/et_pb_blurb][et_pb_blurb image=\u00a0\u00bbhttps:\/\/www.ecopostsystem.com\/wp-content\/uploads\/2018\/04\/Tostitos-logo-2012.png\u00a0\u00bb admin_label=\u00a0\u00bbTortitos\u00a0\u00bb _builder_version=\u00a0\u00bb3.0.106&Prime; image_max_width=\u00a0\u00bb71%\u00a0\u00bb][\/et_pb_blurb][\/et_pb_column][\/et_pb_row][\/et_pb_section][et_pb_section fb_built=\u00a0\u00bb1&Prime; inner_shadow=\u00a0\u00bbon\u00a0\u00bb _builder_version=\u00a0\u00bb3.0.98&Prime; background_image=\u00a0\u00bbhttps:\/\/www.ecopostsystem.com\/wp-content\/uploads\/2018\/03\/footer-back.jpg\u00a0\u00bb custom_padding=\u00a0\u00bb50px|0px|50px|0px\u00a0\u00bb][et_pb_row _builder_version=\u00a0\u00bb3.0.98&Prime; background_size=\u00a0\u00bbinitial\u00a0\u00bb background_position=\u00a0\u00bbtop_left\u00a0\u00bb background_repeat=\u00a0\u00bbrepeat\u00a0\u00bb][et_pb_column type=\u00a0\u00bb4_4&Prime; _builder_version=\u00a0\u00bb3.0.47&Prime; parallax=\u00a0\u00bboff\u00a0\u00bb parallax_method=\u00a0\u00bbon\u00a0\u00bb][et_pb_text background_layout=\u00a0\u00bbdark\u00a0\u00bb _builder_version=\u00a0\u00bb3.0.98&Prime; text_font=\u00a0\u00bb||||||||\u00a0\u00bb header_font=\u00a0\u00bb||||||||\u00a0\u00bb text_orientation=\u00a0\u00bbcenter\u00a0\u00bb]<\/p>\n<h2 class=\"et_pb_module_header et-fb-editable-element et-fb-editable-element__editing\" style=\"text-align: center;\" contenteditable=\"true\" data-shortcode-id=\"5.0.0.0-1521736726071\">Obtenez une licence<\/h2>\n<p style=\"text-align: center;\">Nous sommes \u00e0 la recherche de manufacturiers de pr\u00e9sentoirs au Mexique, en Europe et en Chine qui d\u00e9sireraient offrir Ecopost \u00e0 leurs clients.<\/p>\n<p>[\/et_pb_text][et_pb_button button_url=\u00a0\u00bbhttps:\/\/www.ecopostsystem.com\/fr\/devenir-licencie\/\u00a0\u00bb button_text=\u00a0\u00bbContactez-nous\u00a0\u00bb button_alignment=\u00a0\u00bbcenter\u00a0\u00bb background_layout=\u00a0\u00bbdark\u00a0\u00bb _builder_version=\u00a0\u00bb3.0.98&Prime;][\/et_pb_button][\/et_pb_column][\/et_pb_row][\/et_pb_section]<\/p>\n","protected":false},"excerpt":{"rendered":"<p>[et_pb_section fb_built=\u00a0\u00bb1&Prime; module_class=\u00a0\u00bbhome-header\u00a0\u00bb custom_padding_last_edited=\u00a0\u00bbon|phone\u00a0\u00bb _builder_version=\u00a0\u00bb3.0.98&Prime; background_image=\u00a0\u00bbhttps:\/\/www.ecopostsystem.com\/wp-content\/uploads\/2018\/03\/home-back.jpg\u00a0\u00bb background_position=\u00a0\u00bbtop_center\u00a0\u00bb custom_padding=\u00a0\u00bb20px|0px|0px|0px\u00a0\u00bb custom_padding_tablet=\u00a0\u00bb||50px|\u00a0\u00bb][et_pb_row custom_padding=\u00a0\u00bb0px|0px|0px|0px\u00a0\u00bb custom_margin=\u00a0\u00bb|||\u00a0\u00bb padding_top_2=\u00a0\u00bb100px\u00a0\u00bb padding_2_tablet=\u00a0\u00bb0px|||\u00a0\u00bb padding_2_phone=\u00a0\u00bb0px|||\u00a0\u00bb padding_2_last_edited=\u00a0\u00bbon|tablet\u00a0\u00bb _builder_version=\u00a0\u00bb3.0.98&Prime;][et_pb_column type=\u00a0\u00bb1_2&Prime; _builder_version=\u00a0\u00bb3.0.47&Prime; parallax=\u00a0\u00bboff\u00a0\u00bb parallax_method=\u00a0\u00bbon\u00a0\u00bb][et_pb_image src=\u00a0\u00bbhttps:\/\/www.ecopostsystem.com\/wp-content\/uploads\/2018\/03\/display-1.png\u00a0\u00bb _builder_version=\u00a0\u00bb3.0.98&Prime; max_width_tablet=\u00a0\u00bb70%\u00a0\u00bb max_width_phone=\u00a0\u00bb60%\u00a0\u00bb max_width_last_edited=\u00a0\u00bbon|phone\u00a0\u00bb custom_margin=\u00a0\u00bb|||-55px\u00a0\u00bb custom_margin_tablet=\u00a0\u00bb|||0px\u00a0\u00bb custom_margin_last_edited=\u00a0\u00bbon|desktop\u00a0\u00bb animation_style=\u00a0\u00bbslide\u00a0\u00bb animation_direction=\u00a0\u00bbleft\u00a0\u00bb animation_intensity_slide=\u00a0\u00bb10%\u00a0\u00bb][\/et_pb_image][\/et_pb_column][et_pb_column type=\u00a0\u00bb1_2&Prime; _builder_version=\u00a0\u00bb3.0.47&Prime; padding_phone=\u00a0\u00bb0px|||\u00a0\u00bb padding_tablet=\u00a0\u00bb0px|||\u00a0\u00bb padding_last_edited=\u00a0\u00bbon|tablet\u00a0\u00bb padding_top=\u00a0\u00bb100px\u00a0\u00bb parallax=\u00a0\u00bboff\u00a0\u00bb parallax_method=\u00a0\u00bbon\u00a0\u00bb][et_pb_text background_layout=\u00a0\u00bbdark\u00a0\u00bb _builder_version=\u00a0\u00bb3.0.106&Prime; text_font=\u00a0\u00bb||||||||\u00a0\u00bb header_font=\u00a0\u00bb|600||on|||||\u00a0\u00bb header_font_size=\u00a0\u00bb39px\u00a0\u00bb header_font_size_tablet=\u00a0\u00bb25px\u00a0\u00bb header_font_size_phone=\u00a0\u00bb24px\u00a0\u00bb header_font_size_last_edited=\u00a0\u00bbon|tablet\u00a0\u00bb header_text_color=\u00a0\u00bb#ffffff\u00a0\u00bb header_text_shadow_style=\u00a0\u00bbpreset3&Prime; custom_margin=\u00a0\u00bb|||-55px\u00a0\u00bb custom_margin_tablet=\u00a0\u00bb-200px|||0px\u00a0\u00bb custom_margin_phone=\u00a0\u00bb-200px|||0px\u00a0\u00bb custom_margin_last_edited=\u00a0\u00bbon|tablet\u00a0\u00bb animation_style=\u00a0\u00bbfade\u00a0\u00bb] Nouveau [&hellip;]<\/p>\n","protected":false},"author":1,"featured_media":0,"parent":0,"menu_order":0,"comment_status":"closed","ping_status":"open","template":"","meta":{"_et_pb_use_builder":"on","_et_pb_old_content":"","_et_gb_content_width":""},"_links":{"self":[{"href":"https:\/\/www.ecopostsystem.com\/fr\/wp-json\/wp\/v2\/pages\/352"}],"collection":[{"href":"https:\/\/www.ecopostsystem.com\/fr\/wp-json\/wp\/v2\/pages"}],"about":[{"href":"https:\/\/www.ecopostsystem.com\/fr\/wp-json\/wp\/v2\/types\/page"}],"author":[{"embeddable":true,"href":"https:\/\/www.ecopostsystem.com\/fr\/wp-json\/wp\/v2\/users\/1"}],"replies":[{"embeddable":true,"href":"https:\/\/www.ecopostsystem.com\/fr\/wp-json\/wp\/v2\/comments?post=352"}],"version-history":[{"count":69,"href":"https:\/\/www.ecopostsystem.com\/fr\/wp-json\/wp\/v2\/pages\/352\/revisions"}],"predecessor-version":[{"id":1700,"href":"https:\/\/www.ecopostsystem.com\/fr\/wp-json\/wp\/v2\/pages\/352\/revisions\/1700"}],"wp:attachment":[{"href":"https:\/\/www.ecopostsystem.com\/fr\/wp-json\/wp\/v2\/media?parent=352"}],"curies":[{"name":"wp","href":"https:\/\/api.w.org\/{rel}","templated":true}]}}